{"id":36037,"date":"2024-07-19T05:33:28","date_gmt":"2024-07-19T05:33:28","guid":{"rendered":"https:\/\/wordpress.zozothemes.com\/igual\/?page_id=36037"},"modified":"2025-08-15T21:09:42","modified_gmt":"2025-08-15T21:09:42","slug":"about-us","status":"publish","type":"page","link":"https:\/\/gokhukuk.av.tr\/index.php\/about-us\/","title":{"rendered":"HAKKIMIZDA"},"content":{"rendered":"\t\t<div data-elementor-type=\"wp-page\" data-elementor-id=\"36037\" class=\"elementor elementor-36037\">\n\t\t\t\t\t\t<section class=\"elementor-section elementor-top-section elementor-element elementor-element-22ddeb0d elementor-section-content-middle elementor-section-stretched elementor-section-boxed elementor-section-height-default elementor-section-height-default content-parallax-no\" data-id=\"22ddeb0d\" data-element_type=\"section\" data-settings=\"{&quot;stretch_section&quot;:&quot;section-stretched&quot;,&quot;background_background&quot;:&quot;classic&quot;}\">\n\t\t\t\t\t\t\t<div class=\"elementor-background-overlay\"><\/div>\n\t\t\t\t\t\t\t<div class=\"elementor-container elementor-column-gap-wide\">\n\t\t\t\t\t<div class=\"elementor-column elementor-col-100 elementor-top-column elementor-element elementor-element-4bc5759e\" data-id=\"4bc5759e\" data-element_type=\"column\">\n\t\t\t<div class=\"elementor-widget-wrap elementor-element-populated\">\n\t\t\t\t\t\t<section class=\"elementor-section elementor-inner-section elementor-element elementor-element-37819346 elementor-section-boxed elementor-section-height-default elementor-section-height-default content-parallax-no\" data-id=\"37819346\" data-element_type=\"section\">\n\t\t\t\t\t\t<div class=\"elementor-container elementor-column-gap-default\">\n\t\t\t\t\t<div class=\"elementor-column elementor-col-50 elementor-inner-column elementor-element elementor-element-54aba723 elementor-invisible\" data-id=\"54aba723\" data-element_type=\"column\" data-settings=\"{&quot;animation&quot;:&quot;fadeInUp&quot;}\">\n\t\t\t<div class=\"elementor-widget-wrap elementor-element-populated\">\n\t\t\t\t\t\t<div class=\"elementor-element elementor-element-151a1280 elementor-widget elementor-widget-image\" data-id=\"151a1280\" data-element_type=\"widget\" data-widget_type=\"image.default\">\n\t\t\t\t\t\t\t\t\t\t\t\t\t\t\t<img fetchpriority=\"high\" decoding=\"async\" width=\"530\" height=\"913\" src=\"https:\/\/gokhukuk.av.tr\/wp-content\/uploads\/2023\/07\/igual-img-2.png\" class=\"attachment-full size-full wp-image-35161\" alt=\"\" \/>\t\t\t\t\t\t\t\t\t\t\t\t\t\t\t<\/div>\n\t\t\t\t<div class=\"elementor-element elementor-element-6ff6e321 elementor-widget__width-initial cea-view-default elementor-widget elementor-widget-ceacounter\" data-id=\"6ff6e321\" data-element_type=\"widget\" data-widget_type=\"ceacounter.default\">\n\t\t\t\t\n\t\t<div class=\"elementor-widget-container cea-counter-wrapper  cea-counter-style-default\">\n\t\t\n\t\t\t<div class=\"counter-value\"><h3><span class=\"counter-up\" data-count=\"3200\" data-duration=\"2000\">0<\/span><span class=\"counter-suffix\">+<\/span><\/h3><\/div><!-- .counter-value --><div class=\"counter-title\"><h5 class=\"counter-title-head\">LAWYERS ACROSS OUR GLOBAL PLATFORM<\/h5><\/div><!-- .counter-title -->\t\t\t\n\t\t<\/div>\n\t\t\t\t<\/div>\n\t\t\t\t\t<\/div>\n\t\t<\/div>\n\t\t\t\t<div class=\"elementor-column elementor-col-50 elementor-inner-column elementor-element elementor-element-10e02e66 elementor-invisible\" data-id=\"10e02e66\" data-element_type=\"column\" data-settings=\"{&quot;background_background&quot;:&quot;classic&quot;,&quot;animation&quot;:&quot;fadeInUp&quot;}\">\n\t\t\t<div class=\"elementor-widget-wrap elementor-element-populated\">\n\t\t\t\t\t\t<div class=\"elementor-element elementor-element-3277ce17 animated-fast cea-separator-type-normal elementor-invisible elementor-widget elementor-widget-ceasectiontitle\" data-id=\"3277ce17\" data-element_type=\"widget\" data-settings=\"{&quot;_animation&quot;:&quot;fadeInUp&quot;}\" data-widget_type=\"ceasectiontitle.default\">\n\t\t\t\t<div class=\"elementor-widget-container\">\n\t\t\t\t\t<div class=\"section-title-wrapper\"><div class=\"title-wrap\"><div class=\"sub-title\"><span class=\"subtitle-dots \" >HAKKIMIZDA<\/span><\/div><h2 class=\"section-title none cea-nrml\" data-animation=\"none\"  >\"Her Davada \u00d6zen, Her Ad\u0131mda G\u00fcven\"<\/h2><div class=\"elementor-divider\"><span class=\"elementor-divider-separator\"><\/span><\/div><\/div><!-- .title-wrap --><div class=\"section-description\"><p class=\"section-content\">Tozan G\u00f6k Hukuk B\u00fcrosu, hukukun evrensel ilkelerine ve T\u00fcrk Hukuku\u2019nun temel de\u011ferlerine ba\u011fl\u0131 kalarak; m\u00fcvekkillerine g\u00fcven, \u015feffafl\u0131k ve \u00f6zen esasl\u0131 hizmet sunan bir hukuk b\u00fcrosudur.\nHer m\u00fcvekkilimizin hik\u00e2yesinin ve ihtiyac\u0131n\u0131n farkl\u0131 oldu\u011funun bilinciyle; yaln\u0131zca yasal s\u00fcre\u00e7leri y\u00fcr\u00fctmekle kalm\u0131yor, ayn\u0131 zamanda onlar\u0131n yan\u0131nda durarak yol g\u00f6sterici olmay\u0131 \u00f6nemsiyoruz. Amac\u0131m\u0131z, adalet aray\u0131\u015f\u0131nda m\u00fcvekkillerimize hem g\u00fc\u00e7l\u00fc bir hukuki destek hem de g\u00fcven veren bir yol arkada\u015fl\u0131\u011f\u0131 sa\u011flamakt\u0131r.\n\nDeneyimli ekibimiz; dava ve dan\u0131\u015fmanl\u0131k s\u00fcre\u00e7lerinde titizlikle \u00e7al\u0131\u015farak, haklar\u0131n korunmas\u0131 ve en do\u011fru sonuca ula\u015f\u0131lmas\u0131 i\u00e7in her ad\u0131m\u0131 dikkatle planlar. Bizler, hukuk mesle\u011fini yaln\u0131zca bir i\u015f de\u011fil, toplumsal sorumlulu\u011fun ve adalet idealinin bir par\u00e7as\u0131 olarak g\u00f6r\u00fcyoruz.\n\n<\/p><\/div><!-- .section-description --><\/div><!-- .section-title-wrapper -->\t\t\t\t<\/div>\n\t\t\t\t<\/div>\n\t\t\t\t<div class=\"elementor-element elementor-element-3c6eb87f cea-view-default elementor-widget elementor-widget-ceafeaturebox\" data-id=\"3c6eb87f\" data-element_type=\"widget\" data-widget_type=\"ceafeaturebox.default\">\n\t\t\t\t<div class=\"elementor-widget-container feature-box-wrapper feature-box-default\">\n\t\t\t<div class=\"media\"><div class=\"media-icon-part align-self-center\"><figure class=\"cea-feature-box-img\"><img decoding=\"async\" src=\"https:\/\/gokhukuk.av.tr\/wp-content\/uploads\/elementor\/thumbs\/left-quote1-1-r9z2ll9i144s94tvd8cxs0h6ui5mqg65bhxsosj1aw.png\" title=\"left-quote1\" alt=\"left-quote1\" class=\"img-fluid squared \" \/><\/figure><\/div><div class=\"media-body align-self-center\"><div class=\"fbox-content\">HERKES\u0130N SAVUNMA HAKKI KUTSALDIR.<\/div><\/div><!-- .media-body --><\/div><!-- .media -->\t\t<\/div>\n\t\t\t\t<\/div>\n\t\t\t\t<div class=\"elementor-element elementor-element-74fd530 elementor-widget elementor-widget-text-editor\" data-id=\"74fd530\" data-element_type=\"widget\" data-widget_type=\"text-editor.default\">\n\t\t\t\t\t\t\t\t\t<p>Misyonumuz; hukukun \u00fcst\u00fcnl\u00fc\u011f\u00fcn\u00fc temel alarak, m\u00fcvekkillerimizin haklar\u0131n\u0131 en etkin \u015fekilde korumak, her durumda adaletin tecellisine katk\u0131 sa\u011flamak ve g\u00fcvenilir hukuki \u00e7\u00f6z\u00fcmler sunmakt\u0131r.<\/p>\t\t\t\t\t\t\t\t<\/div>\n\t\t\t\t<div class=\"elementor-element elementor-element-b75451b elementor-widget elementor-widget-ceabutton\" data-id=\"b75451b\" data-element_type=\"widget\" data-widget_type=\"ceabutton.default\">\n\t\t\t\t<div class=\"elementor-widget-container cea-button-wrapper\">\n\t\t\t\t\t<div class=\"cea-button-wrapper\">\n\t\t\t<a href=\"https:\/\/gokhukuk.av.tr\/index.php\/who-we-are\/\" class=\"cea-button-link cea-button-info elementor-button cea-button elementor-size-sm\" id=\"DAHA FAZLASI\">\n\t\t\t\t\t\t<span class=\"cea-button-content-wrapper\">\n\t\t\t\t\t\t<span class=\"cea-button-icon cea-align-icon-left\">\n\t\t\t\t<i aria-hidden=\"true\" class=\" bi-plus\"><\/i>\t\t\t<\/span>\n\t\t\t\t\t\t<span class=\"cea-button-text\">DAHA FAZLASI<\/span>\n\t\t<\/span>\n\t\t\t\t\t<\/a>\n\t\t<\/div>\n\t\t\t\t<\/div>\n\t\t\t\t<\/div>\n\t\t\t\t\t<\/div>\n\t\t<\/div>\n\t\t\t\t\t<\/div>\n\t\t<\/section>\n\t\t\t\t\t<\/div>\n\t\t<\/div>\n\t\t\t\t\t<\/div>\n\t\t<\/section>\n\t\t\t\t<\/div>\n\t\t","protected":false},"excerpt":{"rendered":"<p>0+ LAWYERS ACROSS OUR GLOBAL PLATFORM HAKKIMIZDA &#8220;Her Davada \u00d6zen, Her Ad\u0131mda G\u00fcven&#8221; Tozan G\u00f6k Hukuk B\u00fcrosu, hukukun evrensel ilkelerine..<\/p>\n","protected":false},"author":2,"featured_media":0,"parent":0,"menu_order":0,"comment_status":"closed","ping_status":"closed","template":"","meta":{"footnotes":""},"class_list":["post-36037","page","type-page","status-publish","hentry"],"yoast_head":"<!-- This site is optimized with the Yoast SEO plugin v25.7 - https:\/\/yoast.com\/wordpress\/plugins\/seo\/ -->\n<title>HAKKIMIZDA - Tozan G\u00f6k Hukuk Dan\u0131\u015fmanl\u0131k<\/title>\n<meta name=\"robots\" content=\"index, follow, max-snippet:-1, max-image-preview:large, max-video-preview:-1\" \/>\n<link rel=\"canonical\" href=\"https:\/\/gokhukuk.av.tr\/index.php\/about-us\/\" \/>\n<meta property=\"og:locale\" content=\"tr_TR\" \/>\n<meta property=\"og:type\" content=\"article\" \/>\n<meta property=\"og:title\" content=\"HAKKIMIZDA - Tozan G\u00f6k Hukuk Dan\u0131\u015fmanl\u0131k\" \/>\n<meta property=\"og:description\" content=\"0+ LAWYERS ACROSS OUR GLOBAL PLATFORM HAKKIMIZDA &#8220;Her Davada \u00d6zen, Her Ad\u0131mda G\u00fcven&#8221; Tozan G\u00f6k Hukuk B\u00fcrosu, hukukun evrensel ilkelerine..\" \/>\n<meta property=\"og:url\" content=\"https:\/\/gokhukuk.av.tr\/index.php\/about-us\/\" \/>\n<meta property=\"og:site_name\" content=\"Tozan G\u00f6k Hukuk Dan\u0131\u015fmanl\u0131k\" \/>\n<meta property=\"article:modified_time\" content=\"2025-08-15T21:09:42+00:00\" \/>\n<meta property=\"og:image\" content=\"https:\/\/gokhukuk.av.tr\/wp-content\/uploads\/2023\/07\/igual-img-2.png\" \/>\n\t<meta property=\"og:image:width\" content=\"530\" \/>\n\t<meta property=\"og:image:height\" content=\"913\" \/>\n\t<meta property=\"og:image:type\" content=\"image\/png\" \/>\n<meta name=\"twitter:card\" content=\"summary_large_image\" \/>\n<meta name=\"twitter:label1\" content=\"Tahmini okuma s\u00fcresi\" \/>\n\t<meta name=\"twitter:data1\" content=\"1 dakika\" \/>\n<script type=\"application\/ld+json\" class=\"yoast-schema-graph\">{\"@context\":\"https:\/\/schema.org\",\"@graph\":[{\"@type\":\"WebPage\",\"@id\":\"https:\/\/gokhukuk.av.tr\/index.php\/about-us\/\",\"url\":\"https:\/\/gokhukuk.av.tr\/index.php\/about-us\/\",\"name\":\"HAKKIMIZDA - Tozan G\u00f6k Hukuk Dan\u0131\u015fmanl\u0131k\",\"isPartOf\":{\"@id\":\"https:\/\/gokhukuk.av.tr\/#website\"},\"primaryImageOfPage\":{\"@id\":\"https:\/\/gokhukuk.av.tr\/index.php\/about-us\/#primaryimage\"},\"image\":{\"@id\":\"https:\/\/gokhukuk.av.tr\/index.php\/about-us\/#primaryimage\"},\"thumbnailUrl\":\"https:\/\/gokhukuk.av.tr\/wp-content\/uploads\/2023\/07\/igual-img-2.png\",\"datePublished\":\"2024-07-19T05:33:28+00:00\",\"dateModified\":\"2025-08-15T21:09:42+00:00\",\"breadcrumb\":{\"@id\":\"https:\/\/gokhukuk.av.tr\/index.php\/about-us\/#breadcrumb\"},\"inLanguage\":\"tr\",\"potentialAction\":[{\"@type\":\"ReadAction\",\"target\":[\"https:\/\/gokhukuk.av.tr\/index.php\/about-us\/\"]}]},{\"@type\":\"ImageObject\",\"inLanguage\":\"tr\",\"@id\":\"https:\/\/gokhukuk.av.tr\/index.php\/about-us\/#primaryimage\",\"url\":\"https:\/\/gokhukuk.av.tr\/wp-content\/uploads\/2023\/07\/igual-img-2.png\",\"contentUrl\":\"https:\/\/gokhukuk.av.tr\/wp-content\/uploads\/2023\/07\/igual-img-2.png\",\"width\":530,\"height\":913},{\"@type\":\"BreadcrumbList\",\"@id\":\"https:\/\/gokhukuk.av.tr\/index.php\/about-us\/#breadcrumb\",\"itemListElement\":[{\"@type\":\"ListItem\",\"position\":1,\"name\":\"Anasayfa\",\"item\":\"https:\/\/gokhukuk.av.tr\/\"},{\"@type\":\"ListItem\",\"position\":2,\"name\":\"HAKKIMIZDA\"}]},{\"@type\":\"WebSite\",\"@id\":\"https:\/\/gokhukuk.av.tr\/#website\",\"url\":\"https:\/\/gokhukuk.av.tr\/\",\"name\":\"Tozan G\u00f6k Hukuk Dan\u0131\u015fmanl\u0131k\",\"description\":\"Herkesin adalete ihtiyac\u0131 vard\u0131r!\",\"publisher\":{\"@id\":\"https:\/\/gokhukuk.av.tr\/#organization\"},\"potentialAction\":[{\"@type\":\"SearchAction\",\"target\":{\"@type\":\"EntryPoint\",\"urlTemplate\":\"https:\/\/gokhukuk.av.tr\/?s={search_term_string}\"},\"query-input\":{\"@type\":\"PropertyValueSpecification\",\"valueRequired\":true,\"valueName\":\"search_term_string\"}}],\"inLanguage\":\"tr\"},{\"@type\":\"Organization\",\"@id\":\"https:\/\/gokhukuk.av.tr\/#organization\",\"name\":\"Tozan G\u00f6k Hukuk Dan\u0131\u015fmanl\u0131k\",\"url\":\"https:\/\/gokhukuk.av.tr\/\",\"logo\":{\"@type\":\"ImageObject\",\"inLanguage\":\"tr\",\"@id\":\"https:\/\/gokhukuk.av.tr\/#\/schema\/logo\/image\/\",\"url\":\"https:\/\/gokhukuk.av.tr\/wp-content\/uploads\/2026\/04\/cropped-120X90-LOGO.png\",\"contentUrl\":\"https:\/\/gokhukuk.av.tr\/wp-content\/uploads\/2026\/04\/cropped-120X90-LOGO.png\",\"width\":120,\"height\":90,\"caption\":\"Tozan G\u00f6k Hukuk Dan\u0131\u015fmanl\u0131k\"},\"image\":{\"@id\":\"https:\/\/gokhukuk.av.tr\/#\/schema\/logo\/image\/\"}}]}<\/script>\n<!-- \/ Yoast SEO plugin. -->","yoast_head_json":{"title":"HAKKIMIZDA - Tozan G\u00f6k Hukuk Dan\u0131\u015fmanl\u0131k","robots":{"index":"index","follow":"follow","max-snippet":"max-snippet:-1","max-image-preview":"max-image-preview:large","max-video-preview":"max-video-preview:-1"},"canonical":"https:\/\/gokhukuk.av.tr\/index.php\/about-us\/","og_locale":"tr_TR","og_type":"article","og_title":"HAKKIMIZDA - Tozan G\u00f6k Hukuk Dan\u0131\u015fmanl\u0131k","og_description":"0+ LAWYERS ACROSS OUR GLOBAL PLATFORM HAKKIMIZDA &#8220;Her Davada \u00d6zen, Her Ad\u0131mda G\u00fcven&#8221; Tozan G\u00f6k Hukuk B\u00fcrosu, hukukun evrensel ilkelerine..","og_url":"https:\/\/gokhukuk.av.tr\/index.php\/about-us\/","og_site_name":"Tozan G\u00f6k Hukuk Dan\u0131\u015fmanl\u0131k","article_modified_time":"2025-08-15T21:09:42+00:00","og_image":[{"width":530,"height":913,"url":"https:\/\/gokhukuk.av.tr\/wp-content\/uploads\/2023\/07\/igual-img-2.png","type":"image\/png"}],"twitter_card":"summary_large_image","twitter_misc":{"Tahmini okuma s\u00fcresi":"1 dakika"},"schema":{"@context":"https:\/\/schema.org","@graph":[{"@type":"WebPage","@id":"https:\/\/gokhukuk.av.tr\/index.php\/about-us\/","url":"https:\/\/gokhukuk.av.tr\/index.php\/about-us\/","name":"HAKKIMIZDA - Tozan G\u00f6k Hukuk Dan\u0131\u015fmanl\u0131k","isPartOf":{"@id":"https:\/\/gokhukuk.av.tr\/#website"},"primaryImageOfPage":{"@id":"https:\/\/gokhukuk.av.tr\/index.php\/about-us\/#primaryimage"},"image":{"@id":"https:\/\/gokhukuk.av.tr\/index.php\/about-us\/#primaryimage"},"thumbnailUrl":"https:\/\/gokhukuk.av.tr\/wp-content\/uploads\/2023\/07\/igual-img-2.png","datePublished":"2024-07-19T05:33:28+00:00","dateModified":"2025-08-15T21:09:42+00:00","breadcrumb":{"@id":"https:\/\/gokhukuk.av.tr\/index.php\/about-us\/#breadcrumb"},"inLanguage":"tr","potentialAction":[{"@type":"ReadAction","target":["https:\/\/gokhukuk.av.tr\/index.php\/about-us\/"]}]},{"@type":"ImageObject","inLanguage":"tr","@id":"https:\/\/gokhukuk.av.tr\/index.php\/about-us\/#primaryimage","url":"https:\/\/gokhukuk.av.tr\/wp-content\/uploads\/2023\/07\/igual-img-2.png","contentUrl":"https:\/\/gokhukuk.av.tr\/wp-content\/uploads\/2023\/07\/igual-img-2.png","width":530,"height":913},{"@type":"BreadcrumbList","@id":"https:\/\/gokhukuk.av.tr\/index.php\/about-us\/#breadcrumb","itemListElement":[{"@type":"ListItem","position":1,"name":"Anasayfa","item":"https:\/\/gokhukuk.av.tr\/"},{"@type":"ListItem","position":2,"name":"HAKKIMIZDA"}]},{"@type":"WebSite","@id":"https:\/\/gokhukuk.av.tr\/#website","url":"https:\/\/gokhukuk.av.tr\/","name":"Tozan G\u00f6k Hukuk Dan\u0131\u015fmanl\u0131k","description":"Herkesin adalete ihtiyac\u0131 vard\u0131r!","publisher":{"@id":"https:\/\/gokhukuk.av.tr\/#organization"},"potentialAction":[{"@type":"SearchAction","target":{"@type":"EntryPoint","urlTemplate":"https:\/\/gokhukuk.av.tr\/?s={search_term_string}"},"query-input":{"@type":"PropertyValueSpecification","valueRequired":true,"valueName":"search_term_string"}}],"inLanguage":"tr"},{"@type":"Organization","@id":"https:\/\/gokhukuk.av.tr\/#organization","name":"Tozan G\u00f6k Hukuk Dan\u0131\u015fmanl\u0131k","url":"https:\/\/gokhukuk.av.tr\/","logo":{"@type":"ImageObject","inLanguage":"tr","@id":"https:\/\/gokhukuk.av.tr\/#\/schema\/logo\/image\/","url":"https:\/\/gokhukuk.av.tr\/wp-content\/uploads\/2026\/04\/cropped-120X90-LOGO.png","contentUrl":"https:\/\/gokhukuk.av.tr\/wp-content\/uploads\/2026\/04\/cropped-120X90-LOGO.png","width":120,"height":90,"caption":"Tozan G\u00f6k Hukuk Dan\u0131\u015fmanl\u0131k"},"image":{"@id":"https:\/\/gokhukuk.av.tr\/#\/schema\/logo\/image\/"}}]}},"_links":{"self":[{"href":"https:\/\/gokhukuk.av.tr\/index.php\/wp-json\/wp\/v2\/pages\/36037","targetHints":{"allow":["GET"]}}],"collection":[{"href":"https:\/\/gokhukuk.av.tr\/index.php\/wp-json\/wp\/v2\/pages"}],"about":[{"href":"https:\/\/gokhukuk.av.tr\/index.php\/wp-json\/wp\/v2\/types\/page"}],"author":[{"embeddable":true,"href":"https:\/\/gokhukuk.av.tr\/index.php\/wp-json\/wp\/v2\/users\/2"}],"replies":[{"embeddable":true,"href":"https:\/\/gokhukuk.av.tr\/index.php\/wp-json\/wp\/v2\/comments?post=36037"}],"version-history":[{"count":13,"href":"https:\/\/gokhukuk.av.tr\/index.php\/wp-json\/wp\/v2\/pages\/36037\/revisions"}],"predecessor-version":[{"id":37184,"href":"https:\/\/gokhukuk.av.tr\/index.php\/wp-json\/wp\/v2\/pages\/36037\/revisions\/37184"}],"wp:attachment":[{"href":"https:\/\/gokhukuk.av.tr\/index.php\/wp-json\/wp\/v2\/media?parent=36037"}],"curies":[{"name":"wp","href":"https:\/\/api.w.org\/{rel}","templated":true}]}}