{"id":36184,"date":"2024-07-19T06:26:27","date_gmt":"2024-07-19T06:26:27","guid":{"rendered":"https:\/\/wordpress.zozothemes.com\/igual\/?page_id=36184"},"modified":"2025-08-10T13:04:36","modified_gmt":"2025-08-10T13:04:36","slug":"practice-areas","status":"publish","type":"page","link":"https:\/\/gokhukuk.av.tr\/index.php\/practice-areas\/","title":{"rendered":"\u00c7ALI\u015eMA ALANLARIMIZ"},"content":{"rendered":"\t\t<div data-elementor-type=\"wp-page\" data-elementor-id=\"36184\" class=\"elementor elementor-36184\">\n\t\t\t\t\t\t<section class=\"elementor-section elementor-top-section elementor-element elementor-element-3af28021 elementor-section-stretched elementor-section-boxed elementor-section-height-default elementor-section-height-default content-parallax-no\" data-id=\"3af28021\" data-element_type=\"section\" data-settings=\"{&quot;stretch_section&quot;:&quot;section-stretched&quot;}\">\n\t\t\t\t\t\t<div class=\"elementor-container elementor-column-gap-wide\">\n\t\t\t\t\t<div class=\"elementor-column elementor-col-100 elementor-top-column elementor-element elementor-element-229c1b47\" data-id=\"229c1b47\" data-element_type=\"column\">\n\t\t\t<div class=\"elementor-widget-wrap elementor-element-populated\">\n\t\t\t\t\t\t<div class=\"elementor-element elementor-element-22d7bc94 elementor-widget elementor-widget-ceaservice\" data-id=\"22d7bc94\" data-element_type=\"widget\" data-widget_type=\"ceaservice.default\">\n\t\t\t\t\n\t\t<div class=\"elementor-widget-container service-wrapper service-style-default service-light service-normal-model\" >\n\t\t\n\t\t\t<div class=\"row\"><div class=\"col-lg-4 col-md-6 col-sm-12\" ><div class=\"service-inner\"><div class=\"service-icon-img-wrap\"><img decoding=\"async\" src=\"https:\/\/gokhukuk.av.tr\/wp-content\/uploads\/2022\/07\/copyright.png\" class=\"img-fluid service-icon-img\" alt=\"TRAF\u0130K VE S\u0130GORTA HUKUKU\" \/><\/div><div class=\"entry-title\"><h4 class=\"post-title-head\"><a href=\"https:\/\/gokhukuk.av.tr\/index.php\/service\/trafik-ve-sigorta-hukuku\/\" class=\"post-title\">TRAF\u0130K VE S\u0130GORTA HUKUKU<\/a><\/h4><\/div><!-- .entry-title --><div class=\"post-excerpt\">B\u00fcromuz, trafik kazalar\u0131 ve sigorta uyu\u015fmazl\u0131klar\u0131nda hem ma\u011fdur hem de&hellip;<\/div><!-- .post-excerpt --><div class=\"post-thumb\"><a href=\"https:\/\/gokhukuk.av.tr\/index.php\/service\/trafik-ve-sigorta-hukuku\/\" class=\"post-image-link\"><img decoding=\"async\" src=\"https:\/\/gokhukuk.av.tr\/wp-content\/uploads\/elementor\/thumbs\/car-accident-r9z2mtg8p39scx3rsznto4btcc22mfuurcdqbos6t8.jpg\" title=\"car-accident\" alt=\"\" class=\"img-fluid squared\" \/><\/a><\/div><!-- .post-thumb --><\/div><!-- .service-inner --><\/div><!-- .col \/ .owl-carousel-item \/ .isotope --><div class=\"col-lg-4 col-md-6 col-sm-12\" ><div class=\"service-inner\"><div class=\"service-icon-img-wrap\"><img decoding=\"async\" src=\"https:\/\/gokhukuk.av.tr\/wp-content\/uploads\/2022\/07\/divorce-1.png\" class=\"img-fluid service-icon-img\" alt=\"\u0130CRA VE \u0130FLAS HUKUKU\" \/><\/div><div class=\"entry-title\"><h4 class=\"post-title-head\"><a href=\"https:\/\/gokhukuk.av.tr\/index.php\/service\/icra-iflas-hukuku\/\" class=\"post-title\">\u0130CRA VE \u0130FLAS HUKUKU<\/a><\/h4><\/div><!-- .entry-title --><div class=\"post-excerpt\">B\u00fcromuz, alacakl\u0131 veya bor\u00e7lu taraf\u0131n haklar\u0131n\u0131n korunmas\u0131 amac\u0131yla icra ve&hellip;<\/div><!-- .post-excerpt --><div class=\"post-thumb\"><a href=\"https:\/\/gokhukuk.av.tr\/index.php\/service\/icra-iflas-hukuku\/\" class=\"post-image-link\"><img decoding=\"async\" src=\"https:\/\/gokhukuk.av.tr\/wp-content\/uploads\/elementor\/thumbs\/tozangok-ra21lahey0a1zq2sqvmx7yswhzkd2gyv5ezpw9nbzw.png\" title=\"tozangok\" alt=\"\" class=\"img-fluid squared img-fluid squared\" \/><\/a><\/div><!-- .post-thumb --><\/div><!-- .service-inner --><\/div><!-- .col \/ .owl-carousel-item \/ .isotope --><div class=\"col-lg-4 col-md-6 col-sm-12\" ><div class=\"service-inner\"><div class=\"service-icon-img-wrap\"><img decoding=\"async\" src=\"https:\/\/gokhukuk.av.tr\/wp-content\/uploads\/2022\/07\/business-1.png\" class=\"img-fluid service-icon-img\" alt=\"\u0130\u015e HUKUKU\" \/><\/div><div class=\"entry-title\"><h4 class=\"post-title-head\"><a href=\"https:\/\/gokhukuk.av.tr\/index.php\/service\/isveiscihukuku\/\" class=\"post-title\">\u0130\u015e HUKUKU<\/a><\/h4><\/div><!-- .entry-title --><div class=\"post-excerpt\">B\u00fcromuz, i\u015f hukukuna ili\u015fkin uyu\u015fmazl\u0131klarda hem i\u015f\u00e7i hem de i\u015fveren&hellip;<\/div><!-- .post-excerpt --><div class=\"post-thumb\"><a href=\"https:\/\/gokhukuk.av.tr\/index.php\/service\/isveiscihukuku\/\" class=\"post-image-link\"><img decoding=\"async\" src=\"https:\/\/gokhukuk.av.tr\/wp-content\/uploads\/elementor\/thumbs\/pexels-pavel-danilyuk-8112178-r9z2mk1usqwx4thfbvljz6p7ehcehgtje1uvix64jg.jpg\" title=\"pexels-pavel-danilyuk-8112178\" alt=\"\" class=\"img-fluid squared img-fluid squared img-fluid squared\" \/><\/a><\/div><!-- .post-thumb --><\/div><!-- .service-inner --><\/div><!-- .col \/ .owl-carousel-item \/ .isotope --><div class=\"col-lg-4 col-md-6 col-sm-12\" ><div class=\"service-inner\"><div class=\"service-icon-img-wrap\"><img decoding=\"async\" src=\"https:\/\/gokhukuk.av.tr\/wp-content\/uploads\/2022\/07\/news-1-1.png\" class=\"img-fluid service-icon-img\" alt=\"CEZA VE \u0130NFAZ HUKUKU\" \/><\/div><div class=\"entry-title\"><h4 class=\"post-title-head\"><a href=\"https:\/\/gokhukuk.av.tr\/index.php\/service\/ceza-infaz-hukuku\/\" class=\"post-title\">CEZA VE \u0130NFAZ HUKUKU<\/a><\/h4><\/div><!-- .entry-title --><div class=\"post-excerpt\">B\u00fcromuz, ceza yarg\u0131lamas\u0131n\u0131n soru\u015fturma, kovu\u015fturma ve infaz s\u00fcre\u00e7lerinin her a\u015famas\u0131nda&hellip;<\/div><!-- .post-excerpt --><div class=\"post-thumb\"><a href=\"https:\/\/gokhukuk.av.tr\/index.php\/service\/ceza-infaz-hukuku\/\" class=\"post-image-link\"><img decoding=\"async\" src=\"https:\/\/gokhukuk.av.tr\/wp-content\/uploads\/elementor\/thumbs\/violence-imgs-r9z2nzqz8mvovdebxzy1abnk2o9l8tirx5qkx51h18.jpg\" title=\"violence-imgs\" alt=\"\" class=\"img-fluid squared img-fluid squared img-fluid squared img-fluid squared\" \/><\/a><\/div><!-- .post-thumb --><\/div><!-- .service-inner --><\/div><!-- .col \/ .owl-carousel-item \/ .isotope --><div class=\"col-lg-4 col-md-6 col-sm-12\" ><div class=\"service-inner\"><div class=\"service-icon-img-wrap\"><img decoding=\"async\" src=\"https:\/\/gokhukuk.av.tr\/wp-content\/uploads\/2022\/07\/protest-1-1.png\" class=\"img-fluid service-icon-img\" alt=\"A\u0130LE HUKUKU\" \/><\/div><div class=\"entry-title\"><h4 class=\"post-title-head\"><a href=\"https:\/\/gokhukuk.av.tr\/index.php\/service\/aile-hukuku\/\" class=\"post-title\">A\u0130LE HUKUKU<\/a><\/h4><\/div><!-- .entry-title --><div class=\"post-excerpt\">Aile Hukuku; evlilik, bo\u015fanma, nafaka, velayet, mal payla\u015f\u0131m\u0131 ve soyba\u011f\u0131&hellip;<\/div><!-- .post-excerpt --><div class=\"post-thumb\"><a href=\"https:\/\/gokhukuk.av.tr\/index.php\/service\/aile-hukuku\/\" class=\"post-image-link\"><img decoding=\"async\" src=\"https:\/\/gokhukuk.av.tr\/wp-content\/uploads\/elementor\/thumbs\/tozangok-ra21lahey0a1zq2sqvmx7yswhzkd2gyv5ezpw9nbzw.png\" title=\"tozangok\" alt=\"\" class=\"img-fluid squared img-fluid squared img-fluid squared img-fluid squared img-fluid squared\" \/><\/a><\/div><!-- .post-thumb --><\/div><!-- .service-inner --><\/div><!-- .col \/ .owl-carousel-item \/ .isotope --><div class=\"col-lg-4 col-md-6 col-sm-12\" ><div class=\"service-inner\"><div class=\"service-icon-img-wrap\"><img decoding=\"async\" src=\"https:\/\/gokhukuk.av.tr\/wp-content\/uploads\/2022\/07\/contract-1-1.png\" class=\"img-fluid service-icon-img\" alt=\"GAYR\u0130MENKUL HUKUKU\" \/><\/div><div class=\"entry-title\"><h4 class=\"post-title-head\"><a href=\"https:\/\/gokhukuk.av.tr\/index.php\/service\/gayrimenkulhukuku\/\" class=\"post-title\">GAYR\u0130MENKUL HUKUKU<\/a><\/h4><\/div><!-- .entry-title --><div class=\"post-excerpt\">B\u00fcromuz, m\u00fcvekkillerine gayrimenkul alan\u0131nda dan\u0131\u015fmanl\u0131k, s\u00f6zle\u015fme haz\u0131rl\u0131\u011f\u0131, m\u00fczakere ve dava&hellip;<\/div><!-- .post-excerpt --><div class=\"post-thumb\"><a href=\"https:\/\/gokhukuk.av.tr\/index.php\/service\/gayrimenkulhukuku\/\" class=\"post-image-link\"><img decoding=\"async\" src=\"https:\/\/gokhukuk.av.tr\/wp-content\/uploads\/elementor\/thumbs\/pexels-pavel-danilyuk-8112160-1-r9z2n0yy7rk2xssul2wu82fi3f10c0opgdlm5wh1fg.jpg\" title=\"pexels-pavel-danilyuk-8112160 (1)\" alt=\"\" class=\"img-fluid squared img-fluid squared img-fluid squared img-fluid squared img-fluid squared img-fluid squared\" \/><\/a><\/div><!-- .post-thumb --><\/div><!-- .service-inner --><\/div><!-- .col \/ .owl-carousel-item \/ .isotope --><\/div><!-- .row -->\t\t\t\n\t\t<\/div>\n\t\t\t\t<\/div>\n\t\t\t\t\t<\/div>\n\t\t<\/div>\n\t\t\t\t\t<\/div>\n\t\t<\/section>\n\t\t\t\t<\/div>\n\t\t","protected":false},"excerpt":{"rendered":"","protected":false},"author":2,"featured_media":0,"parent":0,"menu_order":0,"comment_status":"closed","ping_status":"closed","template":"","meta":{"footnotes":""},"class_list":["post-36184","page","type-page","status-publish","hentry"],"yoast_head":"<!-- This site is optimized with the Yoast SEO plugin v25.7 - https:\/\/yoast.com\/wordpress\/plugins\/seo\/ -->\n<title>\u00c7ALI\u015eMA ALANLARIMIZ - Tozan G\u00f6k Hukuk Dan\u0131\u015fmanl\u0131k<\/title>\n<meta name=\"robots\" content=\"index, follow, max-snippet:-1, max-image-preview:large, max-video-preview:-1\" \/>\n<link rel=\"canonical\" href=\"https:\/\/gokhukuk.av.tr\/index.php\/practice-areas\/\" \/>\n<meta property=\"og:locale\" content=\"tr_TR\" \/>\n<meta property=\"og:type\" content=\"article\" \/>\n<meta property=\"og:title\" content=\"\u00c7ALI\u015eMA ALANLARIMIZ - Tozan G\u00f6k Hukuk Dan\u0131\u015fmanl\u0131k\" \/>\n<meta property=\"og:url\" content=\"https:\/\/gokhukuk.av.tr\/index.php\/practice-areas\/\" \/>\n<meta property=\"og:site_name\" content=\"Tozan G\u00f6k Hukuk Dan\u0131\u015fmanl\u0131k\" \/>\n<meta property=\"article:modified_time\" content=\"2025-08-10T13:04:36+00:00\" \/>\n<meta name=\"twitter:card\" content=\"summary_large_image\" \/>\n<script type=\"application\/ld+json\" class=\"yoast-schema-graph\">{\"@context\":\"https:\/\/schema.org\",\"@graph\":[{\"@type\":\"WebPage\",\"@id\":\"https:\/\/gokhukuk.av.tr\/index.php\/practice-areas\/\",\"url\":\"https:\/\/gokhukuk.av.tr\/index.php\/practice-areas\/\",\"name\":\"\u00c7ALI\u015eMA ALANLARIMIZ - Tozan G\u00f6k Hukuk Dan\u0131\u015fmanl\u0131k\",\"isPartOf\":{\"@id\":\"https:\/\/gokhukuk.av.tr\/#website\"},\"datePublished\":\"2024-07-19T06:26:27+00:00\",\"dateModified\":\"2025-08-10T13:04:36+00:00\",\"breadcrumb\":{\"@id\":\"https:\/\/gokhukuk.av.tr\/index.php\/practice-areas\/#breadcrumb\"},\"inLanguage\":\"tr\",\"potentialAction\":[{\"@type\":\"ReadAction\",\"target\":[\"https:\/\/gokhukuk.av.tr\/index.php\/practice-areas\/\"]}]},{\"@type\":\"BreadcrumbList\",\"@id\":\"https:\/\/gokhukuk.av.tr\/index.php\/practice-areas\/#breadcrumb\",\"itemListElement\":[{\"@type\":\"ListItem\",\"position\":1,\"name\":\"Anasayfa\",\"item\":\"https:\/\/gokhukuk.av.tr\/\"},{\"@type\":\"ListItem\",\"position\":2,\"name\":\"\u00c7ALI\u015eMA ALANLARIMIZ\"}]},{\"@type\":\"WebSite\",\"@id\":\"https:\/\/gokhukuk.av.tr\/#website\",\"url\":\"https:\/\/gokhukuk.av.tr\/\",\"name\":\"Tozan G\u00f6k Hukuk Dan\u0131\u015fmanl\u0131k\",\"description\":\"Herkesin adalete ihtiyac\u0131 vard\u0131r!\",\"publisher\":{\"@id\":\"https:\/\/gokhukuk.av.tr\/#organization\"},\"potentialAction\":[{\"@type\":\"SearchAction\",\"target\":{\"@type\":\"EntryPoint\",\"urlTemplate\":\"https:\/\/gokhukuk.av.tr\/?s={search_term_string}\"},\"query-input\":{\"@type\":\"PropertyValueSpecification\",\"valueRequired\":true,\"valueName\":\"search_term_string\"}}],\"inLanguage\":\"tr\"},{\"@type\":\"Organization\",\"@id\":\"https:\/\/gokhukuk.av.tr\/#organization\",\"name\":\"Tozan G\u00f6k Hukuk Dan\u0131\u015fmanl\u0131k\",\"url\":\"https:\/\/gokhukuk.av.tr\/\",\"logo\":{\"@type\":\"ImageObject\",\"inLanguage\":\"tr\",\"@id\":\"https:\/\/gokhukuk.av.tr\/#\/schema\/logo\/image\/\",\"url\":\"https:\/\/gokhukuk.av.tr\/wp-content\/uploads\/2026\/04\/cropped-120X90-LOGO.png\",\"contentUrl\":\"https:\/\/gokhukuk.av.tr\/wp-content\/uploads\/2026\/04\/cropped-120X90-LOGO.png\",\"width\":120,\"height\":90,\"caption\":\"Tozan G\u00f6k Hukuk Dan\u0131\u015fmanl\u0131k\"},\"image\":{\"@id\":\"https:\/\/gokhukuk.av.tr\/#\/schema\/logo\/image\/\"}}]}<\/script>\n<!-- \/ Yoast SEO plugin. -->","yoast_head_json":{"title":"\u00c7ALI\u015eMA ALANLARIMIZ - Tozan G\u00f6k Hukuk Dan\u0131\u015fmanl\u0131k","robots":{"index":"index","follow":"follow","max-snippet":"max-snippet:-1","max-image-preview":"max-image-preview:large","max-video-preview":"max-video-preview:-1"},"canonical":"https:\/\/gokhukuk.av.tr\/index.php\/practice-areas\/","og_locale":"tr_TR","og_type":"article","og_title":"\u00c7ALI\u015eMA ALANLARIMIZ - Tozan G\u00f6k Hukuk Dan\u0131\u015fmanl\u0131k","og_url":"https:\/\/gokhukuk.av.tr\/index.php\/practice-areas\/","og_site_name":"Tozan G\u00f6k Hukuk Dan\u0131\u015fmanl\u0131k","article_modified_time":"2025-08-10T13:04:36+00:00","twitter_card":"summary_large_image","schema":{"@context":"https:\/\/schema.org","@graph":[{"@type":"WebPage","@id":"https:\/\/gokhukuk.av.tr\/index.php\/practice-areas\/","url":"https:\/\/gokhukuk.av.tr\/index.php\/practice-areas\/","name":"\u00c7ALI\u015eMA ALANLARIMIZ - Tozan G\u00f6k Hukuk Dan\u0131\u015fmanl\u0131k","isPartOf":{"@id":"https:\/\/gokhukuk.av.tr\/#website"},"datePublished":"2024-07-19T06:26:27+00:00","dateModified":"2025-08-10T13:04:36+00:00","breadcrumb":{"@id":"https:\/\/gokhukuk.av.tr\/index.php\/practice-areas\/#breadcrumb"},"inLanguage":"tr","potentialAction":[{"@type":"ReadAction","target":["https:\/\/gokhukuk.av.tr\/index.php\/practice-areas\/"]}]},{"@type":"BreadcrumbList","@id":"https:\/\/gokhukuk.av.tr\/index.php\/practice-areas\/#breadcrumb","itemListElement":[{"@type":"ListItem","position":1,"name":"Anasayfa","item":"https:\/\/gokhukuk.av.tr\/"},{"@type":"ListItem","position":2,"name":"\u00c7ALI\u015eMA ALANLARIMIZ"}]},{"@type":"WebSite","@id":"https:\/\/gokhukuk.av.tr\/#website","url":"https:\/\/gokhukuk.av.tr\/","name":"Tozan G\u00f6k Hukuk Dan\u0131\u015fmanl\u0131k","description":"Herkesin adalete ihtiyac\u0131 vard\u0131r!","publisher":{"@id":"https:\/\/gokhukuk.av.tr\/#organization"},"potentialAction":[{"@type":"SearchAction","target":{"@type":"EntryPoint","urlTemplate":"https:\/\/gokhukuk.av.tr\/?s={search_term_string}"},"query-input":{"@type":"PropertyValueSpecification","valueRequired":true,"valueName":"search_term_string"}}],"inLanguage":"tr"},{"@type":"Organization","@id":"https:\/\/gokhukuk.av.tr\/#organization","name":"Tozan G\u00f6k Hukuk Dan\u0131\u015fmanl\u0131k","url":"https:\/\/gokhukuk.av.tr\/","logo":{"@type":"ImageObject","inLanguage":"tr","@id":"https:\/\/gokhukuk.av.tr\/#\/schema\/logo\/image\/","url":"https:\/\/gokhukuk.av.tr\/wp-content\/uploads\/2026\/04\/cropped-120X90-LOGO.png","contentUrl":"https:\/\/gokhukuk.av.tr\/wp-content\/uploads\/2026\/04\/cropped-120X90-LOGO.png","width":120,"height":90,"caption":"Tozan G\u00f6k Hukuk Dan\u0131\u015fmanl\u0131k"},"image":{"@id":"https:\/\/gokhukuk.av.tr\/#\/schema\/logo\/image\/"}}]}},"_links":{"self":[{"href":"https:\/\/gokhukuk.av.tr\/index.php\/wp-json\/wp\/v2\/pages\/36184","targetHints":{"allow":["GET"]}}],"collection":[{"href":"https:\/\/gokhukuk.av.tr\/index.php\/wp-json\/wp\/v2\/pages"}],"about":[{"href":"https:\/\/gokhukuk.av.tr\/index.php\/wp-json\/wp\/v2\/types\/page"}],"author":[{"embeddable":true,"href":"https:\/\/gokhukuk.av.tr\/index.php\/wp-json\/wp\/v2\/users\/2"}],"replies":[{"embeddable":true,"href":"https:\/\/gokhukuk.av.tr\/index.php\/wp-json\/wp\/v2\/comments?post=36184"}],"version-history":[{"count":1,"href":"https:\/\/gokhukuk.av.tr\/index.php\/wp-json\/wp\/v2\/pages\/36184\/revisions"}],"predecessor-version":[{"id":37061,"href":"https:\/\/gokhukuk.av.tr\/index.php\/wp-json\/wp\/v2\/pages\/36184\/revisions\/37061"}],"wp:attachment":[{"href":"https:\/\/gokhukuk.av.tr\/index.php\/wp-json\/wp\/v2\/media?parent=36184"}],"curies":[{"name":"wp","href":"https:\/\/api.w.org\/{rel}","templated":true}]}}