{"id":36246,"date":"2024-07-19T07:30:20","date_gmt":"2024-07-19T07:30:20","guid":{"rendered":"https:\/\/wordpress.zozothemes.com\/igual\/?page_id=36246"},"modified":"2026-03-29T18:57:53","modified_gmt":"2026-03-29T18:57:53","slug":"testimonials","status":"publish","type":"page","link":"https:\/\/gokhukuk.av.tr\/index.php\/testimonials\/","title":{"rendered":"AVUKATLAR"},"content":{"rendered":"<p><!-- .post-thumb -->1994 y\u0131l\u0131nda Manisa&#8217;n\u0131n Ala\u015fehir il\u00e7esinde d\u00fcnyaya gelen kurucu Avukat Ummahan Hande Tozan G\u00f6k, S\u00fcleyman Demirel \u00dcniversitesi Hukuk Fak\u00fcltesi&#8217;nden dereceyle mezun olmu\u015f olup; Manisa Barosu&#8217;na kay\u0131tl\u0131d\u0131r ve \u0130\u015f Hukuku, Aile Hukuku,\u2026<!-- .post-excerpt --><\/p>\n<h4><a href=\"https:\/\/gokhukuk.av.tr\/index.php\/testimonial\/handetozangok\/\">Av. U. Hande Tozan G\u00f6k<\/a><\/h4>\n<ul>\n<li><\/li>\n<li><!-- .testimonial-rating --><\/li>\n<\/ul>\n<p><!-- .media --><!-- .media-body --><!-- .testimonial-inner --><!-- .col \/ .owl-carousel-item \/ .isotope --><!-- .row --><\/p>\n","protected":false},"excerpt":{"rendered":"<p>1994 y\u0131l\u0131nda Manisa&#8217;n\u0131n Ala\u015fehir il\u00e7esinde d\u00fcnyaya gelen kurucu Avukat Ummahan Hande Tozan G\u00f6k, S\u00fcleyman Demirel \u00dcniversitesi Hukuk Fak\u00fcltesi&#8217;nden dereceyle mezun..<\/p>\n","protected":false},"author":2,"featured_media":0,"parent":0,"menu_order":0,"comment_status":"closed","ping_status":"closed","template":"","meta":{"footnotes":""},"class_list":["post-36246","page","type-page","status-publish","hentry"],"yoast_head":"<!-- This site is optimized with the Yoast SEO plugin v25.7 - https:\/\/yoast.com\/wordpress\/plugins\/seo\/ -->\n<title>AVUKATLAR - Tozan G\u00f6k Hukuk Dan\u0131\u015fmanl\u0131k<\/title>\n<meta name=\"robots\" content=\"index, follow, max-snippet:-1, max-image-preview:large, max-video-preview:-1\" \/>\n<link rel=\"canonical\" href=\"https:\/\/gokhukuk.av.tr\/index.php\/testimonials\/\" \/>\n<meta property=\"og:locale\" content=\"tr_TR\" \/>\n<meta property=\"og:type\" content=\"article\" \/>\n<meta property=\"og:title\" content=\"AVUKATLAR - Tozan G\u00f6k Hukuk Dan\u0131\u015fmanl\u0131k\" \/>\n<meta property=\"og:description\" content=\"1994 y\u0131l\u0131nda Manisa&#8217;n\u0131n Ala\u015fehir il\u00e7esinde d\u00fcnyaya gelen kurucu Avukat Ummahan Hande Tozan G\u00f6k, S\u00fcleyman Demirel \u00dcniversitesi Hukuk Fak\u00fcltesi&#8217;nden dereceyle mezun..\" \/>\n<meta property=\"og:url\" content=\"https:\/\/gokhukuk.av.tr\/index.php\/testimonials\/\" \/>\n<meta property=\"og:site_name\" content=\"Tozan G\u00f6k Hukuk Dan\u0131\u015fmanl\u0131k\" \/>\n<meta property=\"article:modified_time\" content=\"2026-03-29T18:57:53+00:00\" \/>\n<meta name=\"twitter:card\" content=\"summary_large_image\" \/>\n<meta name=\"twitter:label1\" content=\"Tahmini okuma s\u00fcresi\" \/>\n\t<meta name=\"twitter:data1\" content=\"1 dakika\" \/>\n<script type=\"application\/ld+json\" class=\"yoast-schema-graph\">{\"@context\":\"https:\/\/schema.org\",\"@graph\":[{\"@type\":\"WebPage\",\"@id\":\"https:\/\/gokhukuk.av.tr\/index.php\/testimonials\/\",\"url\":\"https:\/\/gokhukuk.av.tr\/index.php\/testimonials\/\",\"name\":\"AVUKATLAR - Tozan G\u00f6k Hukuk Dan\u0131\u015fmanl\u0131k\",\"isPartOf\":{\"@id\":\"https:\/\/gokhukuk.av.tr\/#website\"},\"datePublished\":\"2024-07-19T07:30:20+00:00\",\"dateModified\":\"2026-03-29T18:57:53+00:00\",\"breadcrumb\":{\"@id\":\"https:\/\/gokhukuk.av.tr\/index.php\/testimonials\/#breadcrumb\"},\"inLanguage\":\"tr\",\"potentialAction\":[{\"@type\":\"ReadAction\",\"target\":[\"https:\/\/gokhukuk.av.tr\/index.php\/testimonials\/\"]}]},{\"@type\":\"BreadcrumbList\",\"@id\":\"https:\/\/gokhukuk.av.tr\/index.php\/testimonials\/#breadcrumb\",\"itemListElement\":[{\"@type\":\"ListItem\",\"position\":1,\"name\":\"Anasayfa\",\"item\":\"https:\/\/gokhukuk.av.tr\/\"},{\"@type\":\"ListItem\",\"position\":2,\"name\":\"AVUKATLAR\"}]},{\"@type\":\"WebSite\",\"@id\":\"https:\/\/gokhukuk.av.tr\/#website\",\"url\":\"https:\/\/gokhukuk.av.tr\/\",\"name\":\"Tozan G\u00f6k Hukuk Dan\u0131\u015fmanl\u0131k\",\"description\":\"Herkesin adalete ihtiyac\u0131 vard\u0131r!\",\"publisher\":{\"@id\":\"https:\/\/gokhukuk.av.tr\/#organization\"},\"potentialAction\":[{\"@type\":\"SearchAction\",\"target\":{\"@type\":\"EntryPoint\",\"urlTemplate\":\"https:\/\/gokhukuk.av.tr\/?s={search_term_string}\"},\"query-input\":{\"@type\":\"PropertyValueSpecification\",\"valueRequired\":true,\"valueName\":\"search_term_string\"}}],\"inLanguage\":\"tr\"},{\"@type\":\"Organization\",\"@id\":\"https:\/\/gokhukuk.av.tr\/#organization\",\"name\":\"Tozan G\u00f6k Hukuk Dan\u0131\u015fmanl\u0131k\",\"url\":\"https:\/\/gokhukuk.av.tr\/\",\"logo\":{\"@type\":\"ImageObject\",\"inLanguage\":\"tr\",\"@id\":\"https:\/\/gokhukuk.av.tr\/#\/schema\/logo\/image\/\",\"url\":\"https:\/\/gokhukuk.av.tr\/wp-content\/uploads\/2026\/04\/cropped-120X90-LOGO.png\",\"contentUrl\":\"https:\/\/gokhukuk.av.tr\/wp-content\/uploads\/2026\/04\/cropped-120X90-LOGO.png\",\"width\":120,\"height\":90,\"caption\":\"Tozan G\u00f6k Hukuk Dan\u0131\u015fmanl\u0131k\"},\"image\":{\"@id\":\"https:\/\/gokhukuk.av.tr\/#\/schema\/logo\/image\/\"}}]}<\/script>\n<!-- \/ Yoast SEO plugin. -->","yoast_head_json":{"title":"AVUKATLAR - Tozan G\u00f6k Hukuk Dan\u0131\u015fmanl\u0131k","robots":{"index":"index","follow":"follow","max-snippet":"max-snippet:-1","max-image-preview":"max-image-preview:large","max-video-preview":"max-video-preview:-1"},"canonical":"https:\/\/gokhukuk.av.tr\/index.php\/testimonials\/","og_locale":"tr_TR","og_type":"article","og_title":"AVUKATLAR - Tozan G\u00f6k Hukuk Dan\u0131\u015fmanl\u0131k","og_description":"1994 y\u0131l\u0131nda Manisa&#8217;n\u0131n Ala\u015fehir il\u00e7esinde d\u00fcnyaya gelen kurucu Avukat Ummahan Hande Tozan G\u00f6k, S\u00fcleyman Demirel \u00dcniversitesi Hukuk Fak\u00fcltesi&#8217;nden dereceyle mezun..","og_url":"https:\/\/gokhukuk.av.tr\/index.php\/testimonials\/","og_site_name":"Tozan G\u00f6k Hukuk Dan\u0131\u015fmanl\u0131k","article_modified_time":"2026-03-29T18:57:53+00:00","twitter_card":"summary_large_image","twitter_misc":{"Tahmini okuma s\u00fcresi":"1 dakika"},"schema":{"@context":"https:\/\/schema.org","@graph":[{"@type":"WebPage","@id":"https:\/\/gokhukuk.av.tr\/index.php\/testimonials\/","url":"https:\/\/gokhukuk.av.tr\/index.php\/testimonials\/","name":"AVUKATLAR - Tozan G\u00f6k Hukuk Dan\u0131\u015fmanl\u0131k","isPartOf":{"@id":"https:\/\/gokhukuk.av.tr\/#website"},"datePublished":"2024-07-19T07:30:20+00:00","dateModified":"2026-03-29T18:57:53+00:00","breadcrumb":{"@id":"https:\/\/gokhukuk.av.tr\/index.php\/testimonials\/#breadcrumb"},"inLanguage":"tr","potentialAction":[{"@type":"ReadAction","target":["https:\/\/gokhukuk.av.tr\/index.php\/testimonials\/"]}]},{"@type":"BreadcrumbList","@id":"https:\/\/gokhukuk.av.tr\/index.php\/testimonials\/#breadcrumb","itemListElement":[{"@type":"ListItem","position":1,"name":"Anasayfa","item":"https:\/\/gokhukuk.av.tr\/"},{"@type":"ListItem","position":2,"name":"AVUKATLAR"}]},{"@type":"WebSite","@id":"https:\/\/gokhukuk.av.tr\/#website","url":"https:\/\/gokhukuk.av.tr\/","name":"Tozan G\u00f6k Hukuk Dan\u0131\u015fmanl\u0131k","description":"Herkesin adalete ihtiyac\u0131 vard\u0131r!","publisher":{"@id":"https:\/\/gokhukuk.av.tr\/#organization"},"potentialAction":[{"@type":"SearchAction","target":{"@type":"EntryPoint","urlTemplate":"https:\/\/gokhukuk.av.tr\/?s={search_term_string}"},"query-input":{"@type":"PropertyValueSpecification","valueRequired":true,"valueName":"search_term_string"}}],"inLanguage":"tr"},{"@type":"Organization","@id":"https:\/\/gokhukuk.av.tr\/#organization","name":"Tozan G\u00f6k Hukuk Dan\u0131\u015fmanl\u0131k","url":"https:\/\/gokhukuk.av.tr\/","logo":{"@type":"ImageObject","inLanguage":"tr","@id":"https:\/\/gokhukuk.av.tr\/#\/schema\/logo\/image\/","url":"https:\/\/gokhukuk.av.tr\/wp-content\/uploads\/2026\/04\/cropped-120X90-LOGO.png","contentUrl":"https:\/\/gokhukuk.av.tr\/wp-content\/uploads\/2026\/04\/cropped-120X90-LOGO.png","width":120,"height":90,"caption":"Tozan G\u00f6k Hukuk Dan\u0131\u015fmanl\u0131k"},"image":{"@id":"https:\/\/gokhukuk.av.tr\/#\/schema\/logo\/image\/"}}]}},"_links":{"self":[{"href":"https:\/\/gokhukuk.av.tr\/index.php\/wp-json\/wp\/v2\/pages\/36246","targetHints":{"allow":["GET"]}}],"collection":[{"href":"https:\/\/gokhukuk.av.tr\/index.php\/wp-json\/wp\/v2\/pages"}],"about":[{"href":"https:\/\/gokhukuk.av.tr\/index.php\/wp-json\/wp\/v2\/types\/page"}],"author":[{"embeddable":true,"href":"https:\/\/gokhukuk.av.tr\/index.php\/wp-json\/wp\/v2\/users\/2"}],"replies":[{"embeddable":true,"href":"https:\/\/gokhukuk.av.tr\/index.php\/wp-json\/wp\/v2\/comments?post=36246"}],"version-history":[{"count":5,"href":"https:\/\/gokhukuk.av.tr\/index.php\/wp-json\/wp\/v2\/pages\/36246\/revisions"}],"predecessor-version":[{"id":37219,"href":"https:\/\/gokhukuk.av.tr\/index.php\/wp-json\/wp\/v2\/pages\/36246\/revisions\/37219"}],"wp:attachment":[{"href":"https:\/\/gokhukuk.av.tr\/index.php\/wp-json\/wp\/v2\/media?parent=36246"}],"curies":[{"name":"wp","href":"https:\/\/api.w.org\/{rel}","templated":true}]}}